{"id":1294,"date":"2020-09-08T13:33:53","date_gmt":"2020-09-08T13:33:53","guid":{"rendered":"https:\/\/skupfigurek.pl\/?page_id=1294"},"modified":"2026-03-27T14:16:49","modified_gmt":"2026-03-27T14:16:49","slug":"skup-modeli-warzone-chronopia","status":"publish","type":"page","link":"https:\/\/skupfigurek.pl\/index.php\/skup-modeli-warzone-chronopia\/","title":{"rendered":"Regulamin"},"content":{"rendered":"\t\t<div data-elementor-type=\"wp-page\" data-elementor-id=\"1294\" class=\"elementor elementor-1294\" data-elementor-post-type=\"page\">\n\t\t\t\t\t\t<section class=\"elementor-section elementor-top-section elementor-element elementor-element-aec0ba4 elementor-section-boxed elementor-section-height-default elementor-section-height-default\" data-id=\"aec0ba4\" data-element_type=\"section\" data-e-type=\"section\">\n\t\t\t\t\t\t<div class=\"elementor-container elementor-column-gap-default\">\n\t\t\t\t\t<div class=\"elementor-column elementor-col-100 elementor-top-column elementor-element elementor-element-29ca5e3\" data-id=\"29ca5e3\" data-element_type=\"column\" data-e-type=\"column\">\n\t\t\t<div class=\"elementor-widget-wrap elementor-element-populated\">\n\t\t\t\t\t\t<div class=\"elementor-element elementor-element-98face5 elementor-widget elementor-widget-heading\" data-id=\"98face5\" data-element_type=\"widget\" data-e-type=\"widget\" data-widget_type=\"heading.default\">\n\t\t\t\t<div class=\"elementor-widget-container\">\n\t\t\t\t\t<h2 class=\"elementor-heading-title elementor-size-default\">Regulamin<\/h2>\t\t\t\t<\/div>\n\t\t\t\t<\/div>\n\t\t\t\t<section class=\"elementor-section elementor-inner-section elementor-element elementor-element-4930ae7 elementor-section-boxed elementor-section-height-default elementor-section-height-default\" data-id=\"4930ae7\" data-element_type=\"section\" data-e-type=\"section\">\n\t\t\t\t\t\t<div class=\"elementor-container elementor-column-gap-default\">\n\t\t\t\t\t<div class=\"elementor-column elementor-col-100 elementor-inner-column elementor-element elementor-element-947e512\" data-id=\"947e512\" data-element_type=\"column\" data-e-type=\"column\">\n\t\t\t<div class=\"elementor-widget-wrap elementor-element-populated\">\n\t\t\t\t\t\t<div class=\"elementor-element elementor-element-55b05ea elementor-widget elementor-widget-text-editor\" data-id=\"55b05ea\" data-element_type=\"widget\" data-e-type=\"widget\" data-widget_type=\"text-editor.default\">\n\t\t\t\t<div class=\"elementor-widget-container\">\n\t\t\t\t\t\t\t\t\t<p>Niniejszy regulamin okre\u015bla spos\u00f3b sk\u0142adania ofert sprzeda\u017cy poprzez serwis internetowy <a href=\"https:\/\/skupfigurek.pl\/\">www.skupfigurek.pl.<\/a> W\u0142a\u015bcicielem serwisu jest firma Kreatorium z siedzib\u0105 w Warszawie o numerze NIP: 5214121407<\/p>\n<p><strong>Definicje<\/strong><\/p>\n<p>-Serwis internetowy: strona internetowa zarejestrowana pod adresem <a href=\"https:\/\/skupfigurek.pl\/\">www.skupfigurek.pl<\/a><\/p>\n<p>-Konsument: osoba fizyczna lub osoba prowadz\u0105ca zarejestrowan\u0105 dzia\u0142alno\u015b\u0107 gospodarcz\u0105 dokonuj\u0105ca czynno\u015bci prawnej niezwi\u0105zanej bezpo\u015brednio z jej dzia\u0142alno\u015bci\u0105 gospodarcz\u0105 lub zawodow\u0105<\/p>\n<p>Oferta zakupu\/sprzeda\u017cy- wszelka ruchomo\u015b\u0107 kt\u00f3ra jest przedmiotem transakcji mi\u0119dzy konsumentem a firm\u0105 Jack.<\/p>\n<p>Deklaracja: internetowa umowa kupna sprzeda\u017cy &#8211; umowa domniemana<\/p>\n<p>Wszelkie umowy i transakcje s\u0105 zawierane wy\u0142\u0105cznie przy uwzgl\u0119dnieniu postanowie\u0144 niniejszego regulaminu. Wszelkie inne regulaminy lub og\u00f3lne wzorce um\u00f3w s\u0105 skuteczne tylko w razie ich pisemnego uznania przez Nabywc\u0119<\/p>\n<p><strong>Postanowienia og\u00f3lne<\/strong><\/p>\n<p>1. Serwis internetowy \u2013 <a href=\"https:\/\/skupfigurek.pl\/\">www.skupfigurek.pl<\/a> s\u0142u\u017cy do sk\u0142adania ofert, oraz zawieraniu um\u00f3w sprzeda\u017cy mi\u0119dzy osob\u0105 sk\u0142adaj\u0105c\u0105 ofert\u0119 a firm\u0105 \u201eKreatorium\u201d<\/p>\n<p>2. Przedmioty, kt\u00f3re obj\u0119te s\u0105 zainteresowaniem serwisu internetowego opisane s\u0105 na g\u0142\u00f3wnej stronie pod adresem: <a href=\"https:\/\/skupfigurek.pl\/\">https:\/\/skupfigurek.pl\/<\/a>. Przes\u0142anie oferty sprzeda\u017cowej dotycz\u0105cej ruchomo\u015bci innych ni\u017c opisane pod wy\u017cej wspomnianym adresem mo\u017ce skutkowa\u0107 brakiem odpowiedzi ze strony administratora serwisu internetowego.<\/p>\n<p>3. Kontakt z administratorem serwisu internetowego odbywa si\u0119 poprzez wszystkie formy komunikacji dost\u0119pne w zak\u0142adce kontakt pod adresem: <a href=\"https:\/\/skupfigurek.pl\/index.php\/sample-page\/\">https:\/\/skupfigurek.pl\/index.php\/skupfigurek-pl-skupfigurek-pl-skupfigurek-skupfigurek-com-skupwarhammer\/https:\/\/skupfigurek.pl\/index.php\/sample-page\/<\/a><\/p>\n<p>4. Administrator serwisu zastrzega sobie mo\u017cliwo\u015b\u0107 nieodpowiadania na wybrane zapytania ofertowe bez podania przyczyny.<\/p>\n<p>5. Czas odpowiedzi na zapytanie ofertowe przes\u0142ane przez konsumenta jest zale\u017cny od czasu jakim dysponuje administrator serwisu internetowego i nie posiada g\u00f3rnej granicy czasu.<\/p>\n<p><strong>Przes\u0142anie oferty sprzeda\u017cy<\/strong><\/p>\n<p>1.&nbsp;&nbsp;&nbsp;&nbsp; Przes\u0142anie oferty sprzeda\u017cowej przez konsumenta do administratora serwisu internetowego odbywa si\u0119 poprzez wszystkie formy komunikacji dost\u0119pne w zak\u0142adce kontakt pod adresem: <a href=\"https:\/\/skupfigurek.pl\/index.php\/skupfigurek-pl-skupfigurek-pl-skupfigurek-skupfigurek-com-skupwarhammer\/https:\/\/skupfigurek.pl\/index.php\/sample-page\/\">https:\/\/skupfigurek.pl\/index.php\/skupfigurek-pl-skupfigurek-pl-skupfigurek-skupfigurek-com-skupwarhammer\/https:\/\/skupfigurek.pl\/index.php\/sample-page\/<\/a><\/p>\n<p>2.&nbsp;&nbsp;&nbsp;&nbsp; Oferta powinna zawiera\u0107 opis sprzedawanych przedmiot\u00f3w uwzgl\u0119dniaj\u0105cy:<\/p>\n<p>\u00b7&nbsp;&nbsp;&nbsp;&nbsp;&nbsp;&nbsp; Rodzaj materia\u0142u z jakiego wykonane zosta\u0142y przedmioty<\/p>\n<p>\u00b7&nbsp;&nbsp;&nbsp;&nbsp;&nbsp;&nbsp; Informacja wskazuj\u0105ca na ewentualne braki, lub uszkodzenia sprzedawanego przedmiotu wzgl\u0119dem orygina\u0142u<\/p>\n<p>Oraz zawiera\u0107 zdj\u0119cia przedstawiaj\u0105ce wszystkie sprzedawane elementy, bez dodatkowych przedmiot\u00f3w uj\u0119tych w kadrze, kt\u00f3re nie podlegaj\u0105 sprzeda\u017cy.<\/p>\n<p>3.&nbsp;&nbsp;&nbsp;&nbsp; Je\u015bli na zdj\u0119ciu b\u0119d\u0105 znajdowa\u0142y si\u0119 przedmioty kt\u00f3re nie podlegaj\u0105 sprzeda\u017cy, konsument ma obowi\u0105zek poinformowa\u0107 o tym w opisie. Je\u015bli jakiekolwiek przedmioty zawarte w kadrze nie s\u0105 na sprzeda\u017c i nie zosta\u0142y opisane jako wyj\u0119te z oferty kupna\/sprzeda\u017cy to w\u0142a\u015bciciel serwisu internetowego ma prawo do zerwania umowy w wypadku nie dostarczenia wszystkich przedmiot\u00f3w ze zdj\u0119cia.<\/p>\n<p>4.&nbsp;&nbsp;&nbsp;&nbsp; Przes\u0142anie oferty sprzeda\u017cy nie jest wi\u0105\u017c\u0105ce i obie strony bez podania powodu mog\u0105 si\u0119 bezkosztowo wycofa\u0107 z dalszych czynno\u015bci a\u017c do momentu wysy\u0142ki przedmiot\u00f3w.<\/p>\n<p><strong>Wycena<\/strong><\/p>\n<p>1.&nbsp;&nbsp;&nbsp;&nbsp; Po otrzymaniu oferty sprzeda\u017cowej administrator serwisu internetowego dokonuje wyceny. Wycena jest w pe\u0142ni darmowa i administrator nie mo\u017ce pobiera\u0107 \u017cadnych op\u0142at z tego tytu\u0142u.<\/p>\n<p>2.&nbsp;&nbsp;&nbsp;&nbsp; Czas potrzebny na dokonanie wyceny nie jest okre\u015blony i zale\u017cy jedynie od woli administratora serwisu<\/p>\n<p>3.&nbsp;&nbsp;&nbsp;&nbsp; Administrator serwisu mo\u017ce bez podania powodu odm\u00f3wi\u0107 wyceny<\/p>\n<p>4.&nbsp;&nbsp;&nbsp;&nbsp; Zaproponowana przez administratora serwisu internetowego cena nie jest wi\u0105\u017c\u0105ca i mo\u017cna j\u0105 dalej negocjowa\u0107<\/p>\n<p><strong>Proces sprzeda\u017cy i zap\u0142aty<\/strong><\/p>\n<p>1.&nbsp;&nbsp;&nbsp;&nbsp; Gdy obie strony zaakceptuj\u0105 zaproponowan\u0105 wycen\u0119 zobowi\u0105zuj\u0105 si\u0119 tym samym do wykonania transakcji<\/p>\n<p>2.&nbsp;&nbsp;&nbsp;&nbsp; Transakcja mo\u017ce by\u0107 dokonana na dwa sposoby:<\/p>\n<p>&#8211; Poprzez odbi\u00f3r osobisty towar\u00f3w we wskazanym przez konsumenta miejscu:<\/p>\n<p>a) w tym wypadku p\u0142atno\u015b\u0107 dokonuj\u0119 si\u0119 poprzez zap\u0142at\u0119 got\u00f3wk\u0105, lub poprzez przelew na wyra\u017an\u0105 pro\u015bb\u0119 konsumenta<\/p>\n<p>-Poprzez wysy\u0142k\u0119 (proces opisany w rozdziale sprzeda\u017c wysy\u0142kowa)<\/p>\n<p>3.&nbsp;&nbsp;&nbsp;&nbsp; Konsument zobowi\u0105zany jest wyda\u0107 towar zgodny z opisem oraz stanem ze zdj\u0119\u0107. Towar musi by\u0107 pozbawiony wad ukrytych. W innym razie administrator serwisu mo\u017ce zerwa\u0107 umow\u0119 \u017c\u0105daj\u0105c zwrotu pieni\u0119dzy, wraz z kosztami dostawy, zwrotu lub dojazdu.<\/p>\n<p>4.&nbsp;&nbsp;&nbsp;&nbsp; W\u0142a\u015bciciel serwisu internetowego nie zajmuje si\u0119 skupem przedmiot\u00f3w nieoryginalnych lub podrabianych. Je\u015bli figurki nie s\u0105 oryginalne lub posiadaj\u0105 elementy nieoryginalne, konsument zobowi\u0105zany jest to zg\u0142osi\u0107 przed dokonaniem wyceny. Je\u017celi nie zostanie to uwzgl\u0119dnione w opisie sprzedawanych przedmiot\u00f3w, to w\u0142a\u015bciciel serwisu internetowego zastrzega sobie prawo do zerwania umowy oraz wyst\u0105pienia o zwrot cz\u0119\u015bci pieni\u0119dzy.<\/p>\n<p><strong>Sprzeda\u017c wysy\u0142kowa<\/strong><\/p>\n<p>1.&nbsp;&nbsp;&nbsp;&nbsp; Po zaakceptowaniu przez obie strony ceny oraz stanu sprzedawanych przedmiot\u00f3w konsument mo\u017ce podj\u0105\u0107 decyzj\u0119 o sprzeda\u017cy wysy\u0142kowej przedmiot\u00f3w<\/p>\n<p>2.&nbsp;&nbsp;&nbsp;&nbsp; W tym celu konsument zobowi\u0105zuj\u0119 si\u0119 do wysy\u0142ki przedmiot\u00f3w na w\u0142asny koszt w ci\u0105gu 7 dni od akceptacji transakcji.<\/p>\n<p>3.&nbsp;&nbsp;&nbsp;&nbsp; Po otrzymaniu przedmiot\u00f3w i weryfikacji ich stanu, administrator serwisu internetowego zobowi\u0105zany jest do zap\u0142aty w ci\u0105gu 7 dni kwoty ustalonej i zaakceptowanej przez konsumenta w trakcie wyceny.<\/p>\n<p>4.&nbsp;&nbsp;&nbsp;&nbsp; Je\u017celi stan przedmiot\u00f3w odbiega od opisanego w zapytaniu sprzeda\u017cowym lub w przes\u0142anej paczce znajduje si\u0119 mniej przedmiot\u00f3w ni\u017c te zawarte w trakcie wyceny to administrator serwisu internetowego mo\u017ce \u017c\u0105da\u0107 zwrotu pieni\u0119dzy wraz z kosztami wysy\u0142ki zwrotnej<\/p>\n<p>5.&nbsp;&nbsp;&nbsp;&nbsp; Je\u017celi w paczce znajduje si\u0119 wi\u0119cej przedmiot\u00f3w ni\u017c zosta\u0142o opisane w trakcie wyceny to administrator serwisu internetowego na wyra\u017an\u0105 pro\u015bb\u0119 adresata mo\u017ce odes\u0142a\u0107 nadmiarowe ruchomo\u015bci do konsumenta. Koszty zwrotu pokrywa konsument.<\/p>\n<p>6.&nbsp;&nbsp;&nbsp;&nbsp; Konsument zobowi\u0105zany jest zabezpieczy\u0107 paczk\u0119 na czas wysy\u0142ki. Je\u017celi zawarto\u015b\u0107 paczki opisana w ofercie sprzeda\u017cowej ulegnie zniszczeniu w trakcie wysy\u0142ki to odpowiedzialno\u015b\u0107 za ten fakt ponosi konsument. W\u0142a\u015bciciel serwisu internetowego zastrzega sobie prawo do renegocjacji ceny w wypadku uszkodzenia przedmiot\u00f3w w trakcie wysy\u0142ki.<\/p>\n<p>7.&nbsp;&nbsp;&nbsp;&nbsp; Przedmioty nale\u017cy zapakowa\u0107 w twarde i sztywne pude\u0142ko. Wszystkie elementy powinny by\u0107 owini\u0119te foli\u0105 b\u0105belkow\u0105 a reszta paczki wype\u0142niona mi\u0119kkim materia\u0142em takim jak: ci\u0119ty papier, folia b\u0105belkowa lub g\u0105bka.<\/p>\n<p><strong>Prawo do odst\u0105pienia od transakcji:<\/strong><\/p>\n<p>1.&nbsp;&nbsp;&nbsp;&nbsp; Konsument ma prawo do odst\u0105pienia od transakcji bez podania przyczyny a\u017c do momentu wys\u0142ania przedmiot\u00f3w. Po momencie wysy\u0142ki transakcj\u0119 uznaj\u0119 si\u0119 za wykonan\u0105.<\/p>\n<p>2.&nbsp;&nbsp;&nbsp;&nbsp; Administrator serwisu mo\u017ce odst\u0105pi\u0107 od umowy po otrzymaniu przedmiot\u00f3w tylko w wypadkach:<\/p>\n<p>\u00b7&nbsp;&nbsp;&nbsp;&nbsp;&nbsp;&nbsp; Niezgodno\u015b\u0107 towaru z opisem<\/p>\n<p>\u00b7&nbsp;&nbsp;&nbsp;&nbsp;&nbsp;&nbsp; Nieoryginalno\u015b\u0107 cz\u0119\u015bci przedmiot\u00f3w lub ich element\u00f3w<\/p>\n<p>\u00b7&nbsp;&nbsp;&nbsp;&nbsp;&nbsp;&nbsp; Otrzymane towary uleg\u0142y zniszczeniu lub jest ich mniej ni\u017c w opisie przes\u0142anym przed wycen\u0105.<\/p>\t\t\t\t\t\t\t\t<\/div>\n\t\t\t\t<\/div>\n\t\t\t\t\t<\/div>\n\t\t<\/div>\n\t\t\t\t\t<\/div>\n\t\t<\/section>\n\t\t\t\t\t<\/div>\n\t\t<\/div>\n\t\t\t\t\t<\/div>\n\t\t<\/section>\n\t\t\t\t<\/div>\n\t\t","protected":false},"excerpt":{"rendered":"<p>Regulamin Niniejszy regulamin okre\u015bla spos\u00f3b sk\u0142adania ofert sprzeda\u017cy poprzez serwis internetowy www.skupfigurek.pl. W\u0142a\u015bcicielem serwisu jest firma Kreatorium z siedzib\u0105 w Warszawie o numerze NIP: 5214121407 Definicje -Serwis internetowy: strona internetowa zarejestrowana pod adresem www.skupfigurek.pl -Konsument: osoba fizyczna lub osoba prowadz\u0105ca zarejestrowan\u0105 dzia\u0142alno\u015b\u0107 gospodarcz\u0105 dokonuj\u0105ca czynno\u015bci prawnej niezwi\u0105zanej bezpo\u015brednio z jej dzia\u0142alno\u015bci\u0105 gospodarcz\u0105 lub zawodow\u0105 Oferta [&hellip;]<\/p>\n","protected":false},"author":1,"featured_media":0,"parent":0,"menu_order":0,"comment_status":"closed","ping_status":"closed","template":"","meta":{"site-sidebar-layout":"no-sidebar","site-content-layout":"page-builder","ast-site-content-layout":"default","site-content-style":"default","site-sidebar-style":"default","ast-global-header-display":"","ast-banner-title-visibility":"","ast-main-header-display":"","ast-hfb-above-header-display":"","ast-hfb-below-header-display":"","ast-hfb-mobile-header-display":"","site-post-title":"disabled","ast-breadcrumbs-content":"","ast-featured-img":"disabled","footer-sml-layout":"","ast-disable-related-posts":"","theme-transparent-header-meta":"default","adv-header-id-meta":"","stick-header-meta":"default","header-above-stick-meta":"","header-main-stick-meta":"","header-below-stick-meta":"","astra-migrate-meta-layouts":"default","ast-page-background-enabled":"default","ast-page-background-meta":{"desktop":{"background-color":"var(--ast-global-color-4)","background-image":"","background-repeat":"repeat","background-position":"center center","background-size":"auto","background-attachment":"scroll","background-type":"","background-media":"","overlay-type":"","overlay-color":"","overlay-opacity":"","overlay-gradient":""},"tablet":{"background-color":"","background-image":"","background-repeat":"repeat","background-position":"center center","background-size":"auto","background-attachment":"scroll","background-type":"","background-media":"","overlay-type":"","overlay-color":"","overlay-opacity":"","overlay-gradient":""},"mobile":{"background-color":"","background-image":"","background-repeat":"repeat","background-position":"center center","background-size":"auto","background-attachment":"scroll","background-type":"","background-media":"","overlay-type":"","overlay-color":"","overlay-opacity":"","overlay-gradient":""}},"ast-content-background-meta":{"desktop":{"background-color":"var(--ast-global-color-5)","background-image":"","background-repeat":"repeat","background-position":"center center","background-size":"auto","background-attachment":"scroll","background-type":"","background-media":"","overlay-type":"","overlay-color":"","overlay-opacity":"","overlay-gradient":""},"tablet":{"background-color":"var(--ast-global-color-5)","background-image":"","background-repeat":"repeat","background-position":"center center","background-size":"auto","background-attachment":"scroll","background-type":"","background-media":"","overlay-type":"","overlay-color":"","overlay-opacity":"","overlay-gradient":""},"mobile":{"background-color":"var(--ast-global-color-5)","background-image":"","background-repeat":"repeat","background-position":"center center","background-size":"auto","background-attachment":"scroll","background-type":"","background-media":"","overlay-type":"","overlay-color":"","overlay-opacity":"","overlay-gradient":""}},"footnotes":""},"class_list":["post-1294","page","type-page","status-publish","hentry"],"yoast_head":"<!-- This site is optimized with the Yoast SEO plugin v27.2 - https:\/\/yoast.com\/product\/yoast-seo-wordpress\/ -->\n<title>Skup modeli do gier bitewnych! Warzone Chronopia Warhammer...<\/title>\n<meta name=\"description\" content=\"Skup modeli Warzone Chronopia oraz wielu innych system\u00f3w. Kupimy wszystko do gier bitewnych od p\u0119dzli po makiety i figurki!\" \/>\n<meta name=\"robots\" content=\"index, follow, max-snippet:-1, max-image-preview:large, max-video-preview:-1\" \/>\n<link rel=\"canonical\" href=\"https:\/\/skupfigurek.pl\/index.php\/skup-modeli-warzone-chronopia\/\" \/>\n<meta property=\"og:locale\" content=\"pl_PL\" \/>\n<meta property=\"og:type\" content=\"article\" \/>\n<meta property=\"og:title\" content=\"Skup modeli do gier bitewnych! Warzone Chronopia Warhammer...\" \/>\n<meta property=\"og:description\" content=\"Skup modeli Warzone Chronopia oraz wielu innych system\u00f3w. Kupimy wszystko do gier bitewnych od p\u0119dzli po makiety i figurki!\" \/>\n<meta property=\"og:url\" content=\"https:\/\/skupfigurek.pl\/index.php\/skup-modeli-warzone-chronopia\/\" \/>\n<meta property=\"og:site_name\" content=\"Skup figurek\" \/>\n<meta property=\"article:modified_time\" content=\"2026-03-27T14:16:49+00:00\" \/>\n<meta name=\"twitter:card\" content=\"summary_large_image\" \/>\n<meta name=\"twitter:label1\" content=\"Szacowany czas czytania\" \/>\n\t<meta name=\"twitter:data1\" content=\"6 minut\" \/>\n<script type=\"application\/ld+json\" class=\"yoast-schema-graph\">{\"@context\":\"https:\/\/schema.org\",\"@graph\":[{\"@type\":\"WebPage\",\"@id\":\"https:\/\/skupfigurek.pl\/index.php\/skup-modeli-warzone-chronopia\/\",\"url\":\"https:\/\/skupfigurek.pl\/index.php\/skup-modeli-warzone-chronopia\/\",\"name\":\"Skup modeli do gier bitewnych! Warzone Chronopia Warhammer...\",\"isPartOf\":{\"@id\":\"https:\/\/skupfigurek.pl\/#website\"},\"datePublished\":\"2020-09-08T13:33:53+00:00\",\"dateModified\":\"2026-03-27T14:16:49+00:00\",\"description\":\"Skup modeli Warzone Chronopia oraz wielu innych system\u00f3w. Kupimy wszystko do gier bitewnych od p\u0119dzli po makiety i figurki!\",\"breadcrumb\":{\"@id\":\"https:\/\/skupfigurek.pl\/index.php\/skup-modeli-warzone-chronopia\/#breadcrumb\"},\"inLanguage\":\"pl-PL\",\"potentialAction\":[{\"@type\":\"ReadAction\",\"target\":[\"https:\/\/skupfigurek.pl\/index.php\/skup-modeli-warzone-chronopia\/\"]}]},{\"@type\":\"BreadcrumbList\",\"@id\":\"https:\/\/skupfigurek.pl\/index.php\/skup-modeli-warzone-chronopia\/#breadcrumb\",\"itemListElement\":[{\"@type\":\"ListItem\",\"position\":1,\"name\":\"Strona g\u0142\u00f3wna\",\"item\":\"https:\/\/skupfigurek.pl\/\"},{\"@type\":\"ListItem\",\"position\":2,\"name\":\"Regulamin\"}]},{\"@type\":\"WebSite\",\"@id\":\"https:\/\/skupfigurek.pl\/#website\",\"url\":\"https:\/\/skupfigurek.pl\/\",\"name\":\"Skup figurek\",\"description\":\"warhammer, lotr, infinity, makiety oraz wszelkie akcesoria hobbystyczne i modelarskie\",\"publisher\":{\"@id\":\"https:\/\/skupfigurek.pl\/#organization\"},\"potentialAction\":[{\"@type\":\"SearchAction\",\"target\":{\"@type\":\"EntryPoint\",\"urlTemplate\":\"https:\/\/skupfigurek.pl\/?s={search_term_string}\"},\"query-input\":{\"@type\":\"PropertyValueSpecification\",\"valueRequired\":true,\"valueName\":\"search_term_string\"}}],\"inLanguage\":\"pl-PL\"},{\"@type\":\"Organization\",\"@id\":\"https:\/\/skupfigurek.pl\/#organization\",\"name\":\"Skup figurek\",\"url\":\"https:\/\/skupfigurek.pl\/\",\"logo\":{\"@type\":\"ImageObject\",\"inLanguage\":\"pl-PL\",\"@id\":\"https:\/\/skupfigurek.pl\/#\/schema\/logo\/image\/\",\"url\":\"https:\/\/skupfigurek.pl\/wp-content\/uploads\/2020\/08\/logo-skup-mini.jpg\",\"contentUrl\":\"https:\/\/skupfigurek.pl\/wp-content\/uploads\/2020\/08\/logo-skup-mini.jpg\",\"width\":1000,\"height\":309,\"caption\":\"Skup figurek\"},\"image\":{\"@id\":\"https:\/\/skupfigurek.pl\/#\/schema\/logo\/image\/\"}}]}<\/script>\n<!-- \/ Yoast SEO plugin. -->","yoast_head_json":{"title":"Skup modeli do gier bitewnych! Warzone Chronopia Warhammer...","description":"Skup modeli Warzone Chronopia oraz wielu innych system\u00f3w. Kupimy wszystko do gier bitewnych od p\u0119dzli po makiety i figurki!","robots":{"index":"index","follow":"follow","max-snippet":"max-snippet:-1","max-image-preview":"max-image-preview:large","max-video-preview":"max-video-preview:-1"},"canonical":"https:\/\/skupfigurek.pl\/index.php\/skup-modeli-warzone-chronopia\/","og_locale":"pl_PL","og_type":"article","og_title":"Skup modeli do gier bitewnych! Warzone Chronopia Warhammer...","og_description":"Skup modeli Warzone Chronopia oraz wielu innych system\u00f3w. Kupimy wszystko do gier bitewnych od p\u0119dzli po makiety i figurki!","og_url":"https:\/\/skupfigurek.pl\/index.php\/skup-modeli-warzone-chronopia\/","og_site_name":"Skup figurek","article_modified_time":"2026-03-27T14:16:49+00:00","twitter_card":"summary_large_image","twitter_misc":{"Szacowany czas czytania":"6 minut"},"schema":{"@context":"https:\/\/schema.org","@graph":[{"@type":"WebPage","@id":"https:\/\/skupfigurek.pl\/index.php\/skup-modeli-warzone-chronopia\/","url":"https:\/\/skupfigurek.pl\/index.php\/skup-modeli-warzone-chronopia\/","name":"Skup modeli do gier bitewnych! Warzone Chronopia Warhammer...","isPartOf":{"@id":"https:\/\/skupfigurek.pl\/#website"},"datePublished":"2020-09-08T13:33:53+00:00","dateModified":"2026-03-27T14:16:49+00:00","description":"Skup modeli Warzone Chronopia oraz wielu innych system\u00f3w. Kupimy wszystko do gier bitewnych od p\u0119dzli po makiety i figurki!","breadcrumb":{"@id":"https:\/\/skupfigurek.pl\/index.php\/skup-modeli-warzone-chronopia\/#breadcrumb"},"inLanguage":"pl-PL","potentialAction":[{"@type":"ReadAction","target":["https:\/\/skupfigurek.pl\/index.php\/skup-modeli-warzone-chronopia\/"]}]},{"@type":"BreadcrumbList","@id":"https:\/\/skupfigurek.pl\/index.php\/skup-modeli-warzone-chronopia\/#breadcrumb","itemListElement":[{"@type":"ListItem","position":1,"name":"Strona g\u0142\u00f3wna","item":"https:\/\/skupfigurek.pl\/"},{"@type":"ListItem","position":2,"name":"Regulamin"}]},{"@type":"WebSite","@id":"https:\/\/skupfigurek.pl\/#website","url":"https:\/\/skupfigurek.pl\/","name":"Skup figurek","description":"warhammer, lotr, infinity, makiety oraz wszelkie akcesoria hobbystyczne i modelarskie","publisher":{"@id":"https:\/\/skupfigurek.pl\/#organization"},"potentialAction":[{"@type":"SearchAction","target":{"@type":"EntryPoint","urlTemplate":"https:\/\/skupfigurek.pl\/?s={search_term_string}"},"query-input":{"@type":"PropertyValueSpecification","valueRequired":true,"valueName":"search_term_string"}}],"inLanguage":"pl-PL"},{"@type":"Organization","@id":"https:\/\/skupfigurek.pl\/#organization","name":"Skup figurek","url":"https:\/\/skupfigurek.pl\/","logo":{"@type":"ImageObject","inLanguage":"pl-PL","@id":"https:\/\/skupfigurek.pl\/#\/schema\/logo\/image\/","url":"https:\/\/skupfigurek.pl\/wp-content\/uploads\/2020\/08\/logo-skup-mini.jpg","contentUrl":"https:\/\/skupfigurek.pl\/wp-content\/uploads\/2020\/08\/logo-skup-mini.jpg","width":1000,"height":309,"caption":"Skup figurek"},"image":{"@id":"https:\/\/skupfigurek.pl\/#\/schema\/logo\/image\/"}}]}},"_links":{"self":[{"href":"https:\/\/skupfigurek.pl\/index.php\/wp-json\/wp\/v2\/pages\/1294","targetHints":{"allow":["GET"]}}],"collection":[{"href":"https:\/\/skupfigurek.pl\/index.php\/wp-json\/wp\/v2\/pages"}],"about":[{"href":"https:\/\/skupfigurek.pl\/index.php\/wp-json\/wp\/v2\/types\/page"}],"author":[{"embeddable":true,"href":"https:\/\/skupfigurek.pl\/index.php\/wp-json\/wp\/v2\/users\/1"}],"replies":[{"embeddable":true,"href":"https:\/\/skupfigurek.pl\/index.php\/wp-json\/wp\/v2\/comments?post=1294"}],"version-history":[{"count":22,"href":"https:\/\/skupfigurek.pl\/index.php\/wp-json\/wp\/v2\/pages\/1294\/revisions"}],"predecessor-version":[{"id":1806,"href":"https:\/\/skupfigurek.pl\/index.php\/wp-json\/wp\/v2\/pages\/1294\/revisions\/1806"}],"wp:attachment":[{"href":"https:\/\/skupfigurek.pl\/index.php\/wp-json\/wp\/v2\/media?parent=1294"}],"curies":[{"name":"wp","href":"https:\/\/api.w.org\/{rel}","templated":true}]}}